{"id":176,"date":"2024-04-15T14:31:59","date_gmt":"2024-04-15T14:31:59","guid":{"rendered":"https:\/\/geekygambler.com\/?page_id=176"},"modified":"2024-05-22T14:10:14","modified_gmt":"2024-05-22T14:10:14","slug":"bonificacion-sin-deposito-de-casino","status":"publish","type":"page","link":"https:\/\/geekygambler.com\/latam\/bonificacion-sin-deposito-de-casino\/","title":{"rendered":"Bonificaci\u00f3n sin dep\u00f3sito de casino"},"content":{"rendered":"<div id='headingmain'  class='av-layout-grid-container av-1icff-bce25781d7ab43547123696519aa1ac0 entry-content-wrapper alternate_color av-flex-cells  avia-builder-el-0  el_before_av_layout_row  avia-builder-el-first   container_wrap sidebar_right'  >\n\n<style type=\"text\/css\" data-created_by=\"avia_inline_auto\" id=\"style-css-av-romn-97189f3122c437b89bae4eec516c5d36\">\n.flex_cell.av-romn-97189f3122c437b89bae4eec516c5d36{\nvertical-align:top;\nbackground-color:#404a71;\n}\n.responsive #top #wrap_all .flex_cell.av-romn-97189f3122c437b89bae4eec516c5d36{\npadding:50px 50px 50px 50px !important;\n}\n<\/style>\n<div class='flex_cell av-romn-97189f3122c437b89bae4eec516c5d36 av-gridrow-cell av_one_full no_margin  avia-builder-el-1  avia-builder-el-no-sibling '  ><div class='flex_cell_inner'><p>\n<style type=\"text\/css\" data-created_by=\"avia_inline_auto\" id=\"style-css-av-luwm9vbh-51b3c65ed632bd5ef724c6d3499a6174\">\n#top .av-special-heading.av-luwm9vbh-51b3c65ed632bd5ef724c6d3499a6174{\npadding-bottom:10px;\n}\nbody .av-special-heading.av-luwm9vbh-51b3c65ed632bd5ef724c6d3499a6174 .av-special-heading-tag .heading-char{\nfont-size:25px;\n}\n.av-special-heading.av-luwm9vbh-51b3c65ed632bd5ef724c6d3499a6174 .av-subheading{\nfont-size:15px;\n}\n<\/style>\n<div  class='av-special-heading av-luwm9vbh-51b3c65ed632bd5ef724c6d3499a6174 av-special-heading-h1 blockquote modern-quote  avia-builder-el-2  el_before_av_textblock  avia-builder-el-first '><h1 class='av-special-heading-tag'  itemprop=\"headline\"  >Bonificaci\u00f3n sin dep\u00f3sito de casino<\/h1><div class=\"special-heading-border\"><div class=\"special-heading-inner-border\"><\/div><\/div><\/div><br \/>\n<section  class='av_textblock_section av-luwpuyp9-6d40debd49603948db3d9db35b3ac6be '   itemscope=\"itemscope\" itemtype=\"https:\/\/schema.org\/CreativeWork\" ><div class='avia_textblock'  itemprop=\"text\" ><p>La mejor manera de explicar un bono sin dep\u00f3sito o un bono de giros gratis es como un regalo adicional o una forma de consentir a los jugadores. A los casinos les gusta brindar alg\u00fan tipo de recompensa a los jugadores en diferentes presentaciones, ya sea un bono sin dep\u00f3sito o un bono de dep\u00f3sito; sin embargo, ambos son geniales. Sin embargo, entre el bono sin dep\u00f3sito y el bono de dep\u00f3sito, el primero es definitivamente m\u00e1s popular entre los jugadores que prueban nuevos casinos en l\u00ednea.<\/p>\n<p>Un bono sin dep\u00f3sito o un casino con bono sin dep\u00f3sito es una forma incre\u00edble y divertida de practicar y ver c\u00f3mo funciona el casino en l\u00ednea antes de hacer un dep\u00f3sito. Un bono sin dep\u00f3sito brinda a los jugadores la oportunidad de recibir giros gratis o dinero para jugar al registrarse en el casino, por ejemplo, puedes recibir un bono sin dep\u00f3sito del 100% o 20 giros gratis sin dep\u00f3sito cuando te unes al casino, generalmente en una tragamonedas espec\u00edfica elegida por el casino.<\/p>\n<\/div><\/section><\/p>\n<\/div><\/div>\n<\/div>\n<div id='av-layout-grid-2'  class='av-layout-grid-container av-1x2zf-f4996bd1d6f9f0cb41b9b4ae45e04668 entry-content-wrapper main_color av-flex-cells  avia-builder-el-4  el_after_av_layout_row  el_before_av_layout_row  grid-row-not-first  container_wrap sidebar_right'  >\n<div class='flex_cell av-1qcp7-871f19d7044d2ed51e161200c7cf90b6 av-gridrow-cell av_three_fourth no_margin  avia-builder-el-5  el_before_av_cell_one_fourth  avia-builder-el-first '  ><div class='flex_cell_inner'><section  class='av_textblock_section av-luwq7vc1-69bf6c672e57bd51bea040e0f3f114ca '   itemscope=\"itemscope\" itemtype=\"https:\/\/schema.org\/CreativeWork\" ><div class='avia_textblock'  itemprop=\"text\" ><h2>Todo sobre el Bono sin Dep\u00f3sito<\/h2>\n<p>Normalmente, recibir\u00e1s giros gratis como bonificaci\u00f3n, pero hay ocasiones en las que puedes recibir otro tipo de incentivo como dinero para practicar en un juego en particular. O algunos casinos te permiten probar cualquier juego que desees. Esto puede incluir un bono sin dep\u00f3sito de 20, un bono sin dep\u00f3sito de 10 u otras ofertas que el casino considere perfectas para mantener contentos a los jugadores. Creemos que estas son las mejores formas de experimentar lo que el casino tiene para ofrecer sin necesidad de un bono sin dep\u00f3sito.<\/p>\n<p>Siempre es importante tener en cuenta que al usar algunos casinos en l\u00ednea, es posible que te encuentres con un requisito de apuesta al intentar retirar dinero. Esto significa que debes apostar un cierto n\u00famero de veces antes de poder retirar tu dinero. Tambi\u00e9n puede haber l\u00edmites m\u00e1ximos de retiro, pero estos no se establecen en todos los casinos, todo depende del casino que elijas para jugar. De todos modos, no te preocupes, escribiremos sobre todos los requisitos y reglas posibles que encontrar\u00e1s al usar bonos sin dep\u00f3sito en casinos en l\u00ednea.<\/p>\n<h2>Principales Casinos Sin Dep\u00f3sito<\/h2>\n<p>Podr\u00e1s encontrar muchos excelentes casinos con un bono sin dep\u00f3sito; la pregunta es d\u00f3nde encontrarlos. \u00a1Bueno, como siempre, el Geek viene al rescate! Porque puedes encontrar toda la informaci\u00f3n aqu\u00ed en GeekyGambler. Si\u00e9ntete libre de navegar a trav\u00e9s de nuestras rese\u00f1as <a href=\"https:\/\/geekygambler.com\/latam\/\">de casinos<\/a> en l\u00ednea. Un casino con bono sin dep\u00f3sito desea ofrecer a los jugadores la oportunidad de experimentar lo que tienen para ofrecer. Esa es la simple raz\u00f3n por la que tantos casinos en l\u00ednea ofrecen estas promociones.<\/p>\n<p>Sin el juego sin dep\u00f3sito, ser\u00eda dif\u00edcil probar, evaluar y comparar casinos en l\u00ednea. Estoy seguro de que al igual que el Geek, muchos otros jugadores no quieren gastar dinero en un lugar que no han logrado probar y estar seguros de que les gusta. \u00a1Es por esta raz\u00f3n que un casino sin dep\u00f3sito es una excelente manera de comenzar en cualquier casino en l\u00ednea!<\/p>\n<h3>El \u00daltimo Bono de Casino Sin Dep\u00f3sito<\/h3>\n<p>Una de las misiones del Geek es mantenerte informado y al d\u00eda al informarte sobre el \u00faltimo bono de casino sin dep\u00f3sito. Hacemos esto para asegurarnos de que puedas experimentar diferentes casinos. Hay diferentes tipos de ofertas de bonos sin dep\u00f3sito. Las ofertas tambi\u00e9n pueden estar dirigidas a un p\u00fablico espec\u00edfico, siendo los m\u00e1s comunes: nuevos jugadores o jugadores existentes.<\/p>\n<p>Adem\u00e1s, si la oferta sin dep\u00f3sito es para nuevos jugadores, se utiliza principalmente para darles la oportunidad de experimentar el casino. Pero por otro lado, cuando es para jugadores existentes, es simplemente una recompensa o un regalo para darles un bono adicional y mantenerlos felices, lo que significa que pueden jugar algunos juegos adicionales e incluso descubrir nuevos juegos en el casino que han elegido.<\/p>\n<h3>\u00a1Obt\u00e9n tu bono sin dep\u00f3sito gratis hoy mismo!<\/h3>\n<p>\u00a1Puedes seguir y leer nuestras publicaciones de noticias regularmente para mantenerte informado sobre cualquier noticia, bono o promoci\u00f3n! De esa manera, sabr\u00e1s exactamente qu\u00e9 est\u00e1 pasando con tus casinos y juegos favoritos.<\/p>\n<h3>Giros Gratis Sin Dep\u00f3sito<\/h3>\n<p>Los Giros Gratis Sin Dep\u00f3sito son muy comunes en la mayor\u00eda de los casinos en l\u00ednea. Tambi\u00e9n son bonos de casino especialmente populares para nuevos jugadores. Esto se debe a lo que mencionamos antes, que dan a los jugadores la oportunidad de probar juegos con el beneficio de no tener que hacer ning\u00fan dep\u00f3sito.<\/p>\n<p>Hay algunos pasos involucrados, como que el jugador necesita crear una cuenta con el <a href=\"https:\/\/geekygambler.com\/latam\/casinos\/\">casino en l\u00ednea<\/a>. Luego se agregar\u00e1 autom\u00e1ticamente a su cuenta. Una vez que hayas iniciado sesi\u00f3n, los Giros Gratis Sin Dep\u00f3sito estar\u00e1n listos para su disposici\u00f3n. Hay diferentes tipos de Giros Gratis Sin Dep\u00f3sito, como;<\/p>\n<p>20 Giros Gratis Sin Dep\u00f3sito: el casino ofrece 20 giros gratis sin necesidad de hacer un dep\u00f3sito. Esto es para nuevos jugadores de ciertos pa\u00edses.<\/p>\n<p>20 Giros Gratis Sin Dep\u00f3sito: se otorgan 20 Giros Gratis Sin Dep\u00f3sito a los jugadores.<\/p>\n<h2>\u00bfQu\u00e9 son los Giros Gratis? \u00a1Consigue un Casino de Giros Gratis Sin Dep\u00f3sito!<\/h2>\n<p>Como hemos estado explicando y ahora tienes una idea, un bono de Giros Gratis es uno de los regalos m\u00e1s apreciados que se ofrecen a los jugadores. Los Giros Gratis brindan a los jugadores la oportunidad de probar nuevos casinos o un nuevo juego sin depositar dinero. En la mayor\u00eda de los casinos en l\u00ednea, los Giros Gratis est\u00e1n disponibles en una amplia gama de juegos, en la mayor\u00eda de los casos en los juegos m\u00e1s populares, nuevos lanzamientos o tragamonedas cl\u00e1sicas.<\/p>\n<p>Por otro lado, algunos casinos solo asociar\u00e1n los Giros Gratis con juegos espec\u00edficos que siempre se indicar\u00e1n como parte de un paquete promocional. Como con la mayor\u00eda de las promociones, tendr\u00e1s que jugar algunas veces para alcanzar la apuesta antes de poder retirar tus ganancias. Sin embargo, hay algunos casinos en l\u00ednea con requisitos de apuesta m\u00e1s bajos o incluso sin requisitos de apuesta.<\/p>\n<p>Hay numerosos enfoques de los casinos al regalar Giros Gratis. Esto incluye un bono de casino adicional, el bono sin dep\u00f3sito, giros gratis sin dep\u00f3sito y encontrar un casino sin dep\u00f3sito. \u00a1Obt\u00e9n tu apuesta gratis sin dep\u00f3sito de los mejores casinos hoy mismo!<\/p>\n<h2>\u00bfQu\u00e9 son los bonos de giros gratis?<\/h2>\n<p>Los bonos de Giros Gratis son una de las mejores formas seg\u00fan los Geeks para probar un nuevo casino en l\u00ednea o un nuevo juego. Los Giros Gratis suelen ofrecerse en un juego espec\u00edfico que un casino en l\u00ednea pueda estar ofreciendo, pero en algunos casos, los Giros Gratis pueden estar disponibles para una lista de tragamonedas o en cualquier juego. Puedes echar un vistazo a nuestra lista de nuevos sitios de tragamonedas y verificar cu\u00e1les te ofrecen las mejores opciones, pero te puedo decir con los ojos cerrados, que Starburst es uno de los juegos m\u00e1s com\u00fanmente utilizados por la mayor\u00eda de los casinos en l\u00ednea, en los cuales los jugadores pueden recibir Giros Gratis.<\/p>\n<p>La buena noticia es que no es inusual recibir ofertas de Giros Gratis sin ning\u00fan dep\u00f3sito incluido. \u00a1Esto significa que juegas absolutamente gratis, sin ning\u00fan tipo de tarifa! \u00a1Es una gran oportunidad para aprovechar un regalo ya que tu perspectiva de ganar no te costar\u00e1 nada! Sin embargo, ten cuidado, ya que algunos casinos en l\u00ednea tienen requisitos de apuesta con los Giros Gratis. Los jugadores pueden tener que jugar varias veces antes de poder retirar.<\/p>\n<div id=\"gtx-trans\" style=\"position: absolute; left: 606px; top: 1061.17px;\">\n<div class=\"gtx-trans-icon\"><\/div>\n<\/div>\n<\/div><\/section>\n<\/div><\/div><div class='flex_cell av-o2m3-4c34458713195eee2a10424506cc187a av-gridrow-cell av_one_fourth no_margin  avia-builder-el-7  el_after_av_cell_three_fourth  avia-builder-el-last '  ><div class='flex_cell_inner'><div  class='av-alb-blogposts template-blog  '  itemscope=\"itemscope\" itemtype=\"https:\/\/schema.org\/Blog\" >\t<article class=\"entry\">\n\t\t<header class=\"entry-content-header\">\n<h1 class='post-title entry-title '>Nothing Found<\/h1>\t\t<\/header>\n\n\t\t<p class=\"entry-content\"  itemprop=\"text\" >Sorry, no posts matched your criteria<\/p>\n\n\t\t<footer class=\"entry-footer\"><\/footer>\n\t<\/article>\n\n<\/div>\n<\/div><\/div><\/div><div id='av-layout-grid-3'  class='av-layout-grid-container av-zhq3-b817c592ecf6966eedd70dfc929e2bb1 entry-content-wrapper main_color av-flex-cells  avia-builder-el-9  el_after_av_layout_row  avia-builder-el-last  grid-row-not-first  container_wrap sidebar_right'  >\n\n<style type=\"text\/css\" data-created_by=\"avia_inline_auto\" id=\"style-css-av-1jyu7-fdadc5b890a2246394717923db517879\">\n.flex_cell.av-1jyu7-fdadc5b890a2246394717923db517879{\nvertical-align:top;\n}\n<\/style>\n<div class='flex_cell av-1jyu7-fdadc5b890a2246394717923db517879 av-gridrow-cell av_two_third no_margin  avia-builder-el-10  el_before_av_cell_one_third  avia-builder-el-first '  ><div class='flex_cell_inner'><section  class='av_textblock_section av-lv0wetky-9cce6ac67ca1861eebebb4402ef1d6d4 '   itemscope=\"itemscope\" itemtype=\"https:\/\/schema.org\/CreativeWork\" ><div class='avia_textblock'  itemprop=\"text\" ><h2>Casino M\u00f3vil Sin Dep\u00f3sito<\/h2>\n<p>\u00a1No solo los jugadores de escritorio pueden ganar! \u00bfQuieres obtener un bono sin dep\u00f3sito en un casino m\u00f3vil? Todos los bonos que puedes obtener en un casino de escritorio regular tambi\u00e9n puedes disfrutarlos en tu casino m\u00f3vil. Puedes encontrar incre\u00edbles bonos de bienvenida gratuitos sin dep\u00f3sito en muchos casinos m\u00f3viles.<\/p>\n<h2>C\u00f3mo Funcionan los Bonos de Giros Gratis<\/h2>\n<p>La mejor manera para los Geeks de explicar c\u00f3mo funcionan los giros gratis en los sitios web de casino es explicar con el siguiente caso:<\/p>\n<p>&#8220;Todos los nuevos jugadores pueden disfrutar de este exclusivo bono de bienvenida al registrarse hoy y recibir 20 giros gratis sin dep\u00f3sito. Los giros gratis que obtienes en el popular juego de tragamonedas Libro de la Muerte, solo reg\u00edstrate y comienza a jugar con 20 giros gratis sin dep\u00f3sito. Adem\u00e1s, recibe a\u00fan m\u00e1s giros gratis, \u00a1m\u00e1s de 50, cuando realices tus primeros dep\u00f3sitos!&#8221;<\/p>\n<p>Reg\u00edstrate hoy para obtener 20 giros gratis sin dep\u00f3sito Juega 25 giros gratis en Starburst sin dep\u00f3sito Haz un primer dep\u00f3sito de 30 y obtendr\u00e1s m\u00e1s giros gratis D\u00f3nde Encontrar Bonos de Giros Gratis<\/p>\n<p>Para beneficiarte de giros gratis sin dep\u00f3sito, todo lo que tienes que hacer es simplemente registrar una cuenta a trav\u00e9s de un enlace proporcionado en las rese\u00f1as de GeekyGambler, lo que agregar\u00e1 autom\u00e1ticamente un bono de giros gratis sin dep\u00f3sito a tu cuenta cuando te unas al casino asignado. Como probablemente ya hayas descubierto, los nuevos casinos en l\u00ednea parecen aparecer con frecuencia. Con tanta competencia vienen todo tipo de promociones que difieren de un casino a otro.<\/p>\n<p>\u00a1Geekygambler siempre est\u00e1 actualizado y trabajando duro para encontrar las mejores ofertas y promociones! \u00a1Cuanta m\u00e1s competencia, m\u00e1s promociones! En general, \u00a1es una promesa que encontrar\u00e1s algo de tu inter\u00e9s!<\/p>\n<h2>Bono sin Dep\u00f3sito<\/h2>\n<p>Bono sin Dep\u00f3sito: si eres nuevo en el mundo del juego en l\u00ednea, es posible que no sepas qu\u00e9 es un Bono sin Dep\u00f3sito. Sin embargo, es muy obvio, b\u00e1sicamente, est\u00e1 en el nombre &#8216;Sin dep\u00f3sito&#8217;, no se requiere dep\u00f3sito y obtienes un bono.<\/p>\n<p>En un tono m\u00e1s serio, los Geeks est\u00e1n convencidos de que los Bonos sin Dep\u00f3sito son m\u00e1s como regalos de un casino. Si se ofrece, te brinda un incre\u00edble bono cuando te registras con ellos. Lo que necesitas saber es que no se requiere ning\u00fan dep\u00f3sito para que recibas bonificaciones y estoy seguro de que todos aprecian algo extra. Obviamente, tiene un prop\u00f3sito, que es captar el inter\u00e9s de m\u00e1s jugadores en su casino.<\/p>\n<h3>Beneficios de los Bonos sin Dep\u00f3sito de Geekygambler<\/h3>\n<p>El casino te brinda la oportunidad de explorar sin gastar dinero. Por lo tanto, no tienes nada que perder y todo por ganar. Es tu oportunidad de ganar algo sin el odiado complot de &#8220;\u00bfcu\u00e1l es la trampa?&#8221; que todos hemos llegado a esperar y despreciar. Tales promesas vac\u00edas vienen en cantidades.<\/p>\n<p>Esta es la excepci\u00f3n y es de tu mejor inter\u00e9s reclamar un Bono sin Dep\u00f3sito. Si te encuentras con un casino que ofrece Bonos sin Dep\u00f3sito, ac\u00e9ptalo y disfruta de los beneficios. En la mayor\u00eda de los casos comunes, es probable que un casino ofrezca un porcentaje de descuento de tu dep\u00f3sito despu\u00e9s de que decidas jugar con dinero real. Una Apuesta sin Dep\u00f3sito se puede encontrar en muchos de nuestros casinos en l\u00ednea.<\/p>\n<h3>C\u00f3mo Recuperar Tu Bono sin Dep\u00f3sito<\/h3>\n<p>Ten en cuenta que cualquier dinero de bonificaci\u00f3n para ganar tiene valor, pero solo despu\u00e9s de que hayas apostado la cantidad requerida de veces, lo que diferir\u00e1 de un casino a otro. \u00a1Una vez que hayas cumplido con esa condici\u00f3n, la apuesta es gratuita! Para empezar con este regalo incre\u00edble, reg\u00edstrate en cualquiera de los casinos mencionados en nuestro sitio web para obtener m\u00e1s opciones. Abre esa nueva cuenta y ah\u00ed lo tienes: \u00a1un bono sin dep\u00f3sito esper\u00e1ndote!<\/p>\n<h3>Ruleta sin dep\u00f3sito<\/h3>\n<p>Bono de ruleta sin dep\u00f3sito: esta no es una opci\u00f3n que ver\u00e1s a menudo, pero para aquellos que lo hagan, es una excelente manera de probar los juegos de ruleta en un casino en l\u00ednea. Numerosos casinos que ofrecen el bono sin dep\u00f3sito te permitir\u00e1n usar el dinero gratis para jugar a la ruleta. Un bono sin dep\u00f3sito de ruleta est\u00e1 dirigido a aquellos que aman los juegos de mesa, espec\u00edficamente la ruleta. Adem\u00e1s, mantente atento con nosotros para descubrir m\u00e1s sobre el bono de ruleta sin dep\u00f3sito.<\/p>\n<p>Algunos incre\u00edbles casinos en l\u00ednea est\u00e1n ansiosos por dar algo de dinero para probar lo que tienen para ofrecer. Si eres alguien que est\u00e1 buscando comenzar en el mundo de los juegos, entonces esta es una excelente manera de comenzar. Todo lo que tienes que hacer es registrarte en una cuenta con el casino en l\u00ednea elegido de la lista de GeekyGambler y recibir\u00e1s autom\u00e1ticamente la oferta de bono sin dep\u00f3sito. Algunos casinos ofrecen giros gratis durante unos d\u00edas para que puedas jugar un poco cada d\u00eda hasta que est\u00e9s listo para hacer tu primer dep\u00f3sito en el casino y recibir tu primer bono de dep\u00f3sito en el casino.<\/p>\n<\/div><\/section>\n<\/div><\/div>\n<style type=\"text\/css\" data-created_by=\"avia_inline_auto\" id=\"style-css-av-76g5c-f3a2ba573b38f485ac3b425089437b0c\">\n.flex_cell.av-76g5c-f3a2ba573b38f485ac3b425089437b0c{\nvertical-align:top;\n}\n<\/style>\n<div class='flex_cell av-76g5c-f3a2ba573b38f485ac3b425089437b0c av-gridrow-cell av_one_third no_margin  avia-builder-el-12  el_after_av_cell_two_third  avia-builder-el-last '  ><div class='flex_cell_inner'><\/div><\/div>\n<\/div><\/p>\n","protected":false},"excerpt":{"rendered":"","protected":false},"author":1,"featured_media":0,"parent":0,"menu_order":0,"comment_status":"closed","ping_status":"closed","template":"","meta":{"footnotes":""},"class_list":["post-176","page","type-page","status-publish","hentry"],"yoast_head":"<!-- This site is optimized with the Yoast SEO plugin v27.3 - https:\/\/yoast.com\/product\/yoast-seo-wordpress\/ -->\n<title>Bonificaci\u00f3n sin dep\u00f3sito de casino - Geeky Gambler Latam<\/title>\n<meta name=\"robots\" content=\"index, follow, max-snippet:-1, max-image-preview:large, max-video-preview:-1\" \/>\n<link rel=\"canonical\" href=\"https:\/\/geekygambler.com\/latam\/bonificacion-sin-deposito-de-casino\/\" \/>\n<meta property=\"og:locale\" content=\"en_GB\" \/>\n<meta property=\"og:type\" content=\"article\" \/>\n<meta property=\"og:title\" content=\"Bonificaci\u00f3n sin dep\u00f3sito de casino - Geeky Gambler Latam\" \/>\n<meta property=\"og:url\" content=\"https:\/\/geekygambler.com\/latam\/bonificacion-sin-deposito-de-casino\/\" \/>\n<meta property=\"og:site_name\" content=\"Geeky Gambler Latam\" \/>\n<meta property=\"article:modified_time\" content=\"2024-05-22T14:10:14+00:00\" \/>\n<meta name=\"twitter:card\" content=\"summary_large_image\" \/>\n<meta name=\"twitter:label1\" content=\"Estimated reading time\" \/>\n\t<meta name=\"twitter:data1\" content=\"10 minutes\" \/>\n<script type=\"application\/ld+json\" class=\"yoast-schema-graph\">{\"@context\":\"https:\\\/\\\/schema.org\",\"@graph\":[{\"@type\":\"WebPage\",\"@id\":\"https:\\\/\\\/geekygambler.com\\\/latam\\\/bonificacion-sin-deposito-de-casino\\\/\",\"url\":\"https:\\\/\\\/geekygambler.com\\\/latam\\\/bonificacion-sin-deposito-de-casino\\\/\",\"name\":\"Bonificaci\u00f3n sin dep\u00f3sito de casino - Geeky Gambler Latam\",\"isPartOf\":{\"@id\":\"https:\\\/\\\/geekygambler.com\\\/latam\\\/#website\"},\"datePublished\":\"2024-04-15T14:31:59+00:00\",\"dateModified\":\"2024-05-22T14:10:14+00:00\",\"breadcrumb\":{\"@id\":\"https:\\\/\\\/geekygambler.com\\\/latam\\\/bonificacion-sin-deposito-de-casino\\\/#breadcrumb\"},\"inLanguage\":\"en-GB\",\"potentialAction\":[{\"@type\":\"ReadAction\",\"target\":[\"https:\\\/\\\/geekygambler.com\\\/latam\\\/bonificacion-sin-deposito-de-casino\\\/\"]}]},{\"@type\":\"BreadcrumbList\",\"@id\":\"https:\\\/\\\/geekygambler.com\\\/latam\\\/bonificacion-sin-deposito-de-casino\\\/#breadcrumb\",\"itemListElement\":[{\"@type\":\"ListItem\",\"position\":1,\"name\":\"Home\",\"item\":\"https:\\\/\\\/geekygambler.com\\\/latam\\\/\"},{\"@type\":\"ListItem\",\"position\":2,\"name\":\"Bonificaci\u00f3n sin dep\u00f3sito de casino\"}]},{\"@type\":\"WebSite\",\"@id\":\"https:\\\/\\\/geekygambler.com\\\/latam\\\/#website\",\"url\":\"https:\\\/\\\/geekygambler.com\\\/latam\\\/\",\"name\":\"Geeky Gambler Latam\",\"description\":\"\",\"potentialAction\":[{\"@type\":\"SearchAction\",\"target\":{\"@type\":\"EntryPoint\",\"urlTemplate\":\"https:\\\/\\\/geekygambler.com\\\/latam\\\/?s={search_term_string}\"},\"query-input\":{\"@type\":\"PropertyValueSpecification\",\"valueRequired\":true,\"valueName\":\"search_term_string\"}}],\"inLanguage\":\"en-GB\"}]}<\/script>\n<!-- \/ Yoast SEO plugin. -->","yoast_head_json":{"title":"Bonificaci\u00f3n sin dep\u00f3sito de casino - Geeky Gambler Latam","robots":{"index":"index","follow":"follow","max-snippet":"max-snippet:-1","max-image-preview":"max-image-preview:large","max-video-preview":"max-video-preview:-1"},"canonical":"https:\/\/geekygambler.com\/latam\/bonificacion-sin-deposito-de-casino\/","og_locale":"en_GB","og_type":"article","og_title":"Bonificaci\u00f3n sin dep\u00f3sito de casino - Geeky Gambler Latam","og_url":"https:\/\/geekygambler.com\/latam\/bonificacion-sin-deposito-de-casino\/","og_site_name":"Geeky Gambler Latam","article_modified_time":"2024-05-22T14:10:14+00:00","twitter_card":"summary_large_image","twitter_misc":{"Estimated reading time":"10 minutes"},"schema":{"@context":"https:\/\/schema.org","@graph":[{"@type":"WebPage","@id":"https:\/\/geekygambler.com\/latam\/bonificacion-sin-deposito-de-casino\/","url":"https:\/\/geekygambler.com\/latam\/bonificacion-sin-deposito-de-casino\/","name":"Bonificaci\u00f3n sin dep\u00f3sito de casino - Geeky Gambler Latam","isPartOf":{"@id":"https:\/\/geekygambler.com\/latam\/#website"},"datePublished":"2024-04-15T14:31:59+00:00","dateModified":"2024-05-22T14:10:14+00:00","breadcrumb":{"@id":"https:\/\/geekygambler.com\/latam\/bonificacion-sin-deposito-de-casino\/#breadcrumb"},"inLanguage":"en-GB","potentialAction":[{"@type":"ReadAction","target":["https:\/\/geekygambler.com\/latam\/bonificacion-sin-deposito-de-casino\/"]}]},{"@type":"BreadcrumbList","@id":"https:\/\/geekygambler.com\/latam\/bonificacion-sin-deposito-de-casino\/#breadcrumb","itemListElement":[{"@type":"ListItem","position":1,"name":"Home","item":"https:\/\/geekygambler.com\/latam\/"},{"@type":"ListItem","position":2,"name":"Bonificaci\u00f3n sin dep\u00f3sito de casino"}]},{"@type":"WebSite","@id":"https:\/\/geekygambler.com\/latam\/#website","url":"https:\/\/geekygambler.com\/latam\/","name":"Geeky Gambler Latam","description":"","potentialAction":[{"@type":"SearchAction","target":{"@type":"EntryPoint","urlTemplate":"https:\/\/geekygambler.com\/latam\/?s={search_term_string}"},"query-input":{"@type":"PropertyValueSpecification","valueRequired":true,"valueName":"search_term_string"}}],"inLanguage":"en-GB"}]}},"_links":{"self":[{"href":"https:\/\/geekygambler.com\/latam\/wp-json\/wp\/v2\/pages\/176","targetHints":{"allow":["GET"]}}],"collection":[{"href":"https:\/\/geekygambler.com\/latam\/wp-json\/wp\/v2\/pages"}],"about":[{"href":"https:\/\/geekygambler.com\/latam\/wp-json\/wp\/v2\/types\/page"}],"author":[{"embeddable":true,"href":"https:\/\/geekygambler.com\/latam\/wp-json\/wp\/v2\/users\/1"}],"replies":[{"embeddable":true,"href":"https:\/\/geekygambler.com\/latam\/wp-json\/wp\/v2\/comments?post=176"}],"version-history":[{"count":4,"href":"https:\/\/geekygambler.com\/latam\/wp-json\/wp\/v2\/pages\/176\/revisions"}],"predecessor-version":[{"id":357,"href":"https:\/\/geekygambler.com\/latam\/wp-json\/wp\/v2\/pages\/176\/revisions\/357"}],"wp:attachment":[{"href":"https:\/\/geekygambler.com\/latam\/wp-json\/wp\/v2\/media?parent=176"}],"curies":[{"name":"wp","href":"https:\/\/api.w.org\/{rel}","templated":true}]}}