{"id":51,"date":"2024-08-28T08:44:43","date_gmt":"2024-08-28T08:44:43","guid":{"rendered":"https:\/\/geekygambler.com\/no\/?page_id=51"},"modified":"2024-08-28T10:19:45","modified_gmt":"2024-08-28T10:19:45","slug":"casino","status":"publish","type":"page","link":"https:\/\/geekygambler.com\/no\/casino\/","title":{"rendered":"Casino"},"content":{"rendered":"<div id='headingmain'  class='av-layout-grid-container av-av_layout_row-69acafa099a325be5f86ddfcce1206c9 entry-content-wrapper alternate_color av-flex-cells  avia-builder-el-0  el_before_av_layout_row  avia-builder-el-first   container_wrap fullsize'  >\n<div class='flex_cell av-av_cell_one_full-f73a11ccd29996a2a11249d534554c23 av-gridrow-cell av_one_full no_margin  avia-builder-el-1  avia-builder-el-no-sibling '  ><div class='flex_cell_inner'><p>\n<style type=\"text\/css\" data-created_by=\"avia_inline_auto\" id=\"style-css-av-m0dpd4w2-65b02731b9b3ff23cc99d9473a93f912\">\n#top .av-special-heading.av-m0dpd4w2-65b02731b9b3ff23cc99d9473a93f912{\npadding-bottom:10px;\n}\nbody .av-special-heading.av-m0dpd4w2-65b02731b9b3ff23cc99d9473a93f912 .av-special-heading-tag .heading-char{\nfont-size:25px;\n}\n.av-special-heading.av-m0dpd4w2-65b02731b9b3ff23cc99d9473a93f912 .av-subheading{\nfont-size:15px;\n}\n<\/style>\n<div  class='av-special-heading av-m0dpd4w2-65b02731b9b3ff23cc99d9473a93f912 av-special-heading-h1 blockquote modern-quote  avia-builder-el-2  el_before_av_textblock  avia-builder-el-first '><h1 class='av-special-heading-tag'  itemprop=\"headline\"  >Topp nettcasinoer i Norge<\/h1><div class=\"special-heading-border\"><div class=\"special-heading-inner-border\"><\/div><\/div><\/div><br \/>\n<section  class='av_textblock_section av-m0dpe2ss-4949b98de9992b6c9bd8440435cf59d6 '   itemscope=\"itemscope\" itemtype=\"https:\/\/schema.org\/CreativeWork\" ><div class='avia_textblock'  itemprop=\"text\" ><p>L\u00e6r om de beste norske nettcasinoene i den nettbaserte spillverdenen her! I Norge tilbyr nettcasinoer en spennende og praktisk m\u00e5te \u00e5 nyte spenningen ved gambling fra komforten av ditt eget hjem. Blant de mange tilgjengelige alternativene, er det noen som skiller seg ut som de beste i bransjen.<\/p>\n<p>Topp nettcasinoer i Norge kombinerer banebrytende teknologi, et variert utvalg av spill, og utmerket kundeservice for \u00e5 gi spillerne en uforglemmelig spillopplevelse.<\/p>\n<\/div><\/section><\/p>\n<\/div><\/div><\/div><div id='headingcasinos'  class='av-layout-grid-container av-av_layout_row-4e37a6d1241a0f0bda1d44280f43a852 entry-content-wrapper alternate_color av-flex-cells  avia-builder-el-4  el_after_av_layout_row  el_before_av_layout_row  grid-row-not-first  container_wrap fullsize'  >\n<div class='flex_cell av-av_cell_one_fifth-f73a11ccd29996a2a11249d534554c23 av-gridrow-cell av_one_fifth no_margin  avia-builder-el-5  el_before_av_cell_one_fifth  avia-builder-el-first '  ><div class='flex_cell_inner'><\/div><\/div>\n<style type=\"text\/css\" data-created_by=\"avia_inline_auto\" id=\"style-css-av-av_cell_one_fifth-39b3353b55853fa2a3b19ce5819efe51\">\n.flex_cell.av-av_cell_one_fifth-39b3353b55853fa2a3b19ce5819efe51{\nvertical-align:middle;\nbackground-color:#ffffff;\n}\n<\/style>\n<div class='flex_cell av-av_cell_one_fifth-39b3353b55853fa2a3b19ce5819efe51 av-gridrow-cell av_one_fifth no_margin  avia-builder-el-6  el_after_av_cell_one_fifth  el_before_av_cell_one_fifth  brands'  ><div class='flex_cell_inner'><p>\n<style type=\"text\/css\" data-created_by=\"avia_inline_auto\" id=\"style-css-av-av_image-7d1b6f05fb84aed49b90718489f46fc0\">\n.avia-image-container.av-av_image-7d1b6f05fb84aed49b90718489f46fc0 img.avia_image{\nbox-shadow:none;\n}\n.avia-image-container.av-av_image-7d1b6f05fb84aed49b90718489f46fc0 .av-image-caption-overlay-center{\ncolor:#ffffff;\n}\n<\/style>\n<div  class='avia-image-container av-av_image-7d1b6f05fb84aed49b90718489f46fc0 av-styling- av-img-linked avia-align-center  avia-builder-el-7  el_before_av_textblock  avia-builder-el-first '   itemprop=\"image\" itemscope=\"itemscope\" itemtype=\"https:\/\/schema.org\/ImageObject\" ><div class=\"avia-image-container-inner\"><div class=\"avia-image-overlay-wrap\"><a href=\"\/no\/go\/lukki\" class='avia_image '  aria-label='lukki'><img decoding=\"async\" fetchpriority=\"high\" class='wp-image-30 avia-img-lazy-loading-not-30 avia_image ' src=\"https:\/\/geekygambler.com\/no\/wp-content\/uploads\/sites\/5\/2024\/08\/lukki-300x81.png\" alt='Et bilde av Lukki casino-logoen' title='lukki'  height=\"81\" width=\"300\"  itemprop=\"thumbnailUrl\" srcset=\"https:\/\/geekygambler.com\/no\/wp-content\/uploads\/sites\/5\/2024\/08\/lukki-300x81.png 300w, https:\/\/geekygambler.com\/no\/wp-content\/uploads\/sites\/5\/2024\/08\/lukki-1024x278.png 1024w, https:\/\/geekygambler.com\/no\/wp-content\/uploads\/sites\/5\/2024\/08\/lukki-768x208.png 768w, https:\/\/geekygambler.com\/no\/wp-content\/uploads\/sites\/5\/2024\/08\/lukki-1536x416.png 1536w, https:\/\/geekygambler.com\/no\/wp-content\/uploads\/sites\/5\/2024\/08\/lukki-2048x555.png 2048w, https:\/\/geekygambler.com\/no\/wp-content\/uploads\/sites\/5\/2024\/08\/lukki-1500x407.png 1500w, https:\/\/geekygambler.com\/no\/wp-content\/uploads\/sites\/5\/2024\/08\/lukki-705x191.png 705w\" sizes=\"(max-width: 300px) 100vw, 300px\" \/><\/a><\/div><\/div><\/div><br \/>\n\n<style type=\"text\/css\" data-created_by=\"avia_inline_auto\" id=\"style-css-av-av_textblock-9d14a32b21725c18565cc661a1d7b2ed\">\n#top .av_textblock_section.av-av_textblock-9d14a32b21725c18565cc661a1d7b2ed .avia_textblock{\ncolor:#0a0a0a;\n}\n<\/style>\n<section  class='av_textblock_section av-av_textblock-9d14a32b21725c18565cc661a1d7b2ed '   itemscope=\"itemscope\" itemtype=\"https:\/\/schema.org\/CreativeWork\" ><div class='avia_textblock av_inherit_color'  itemprop=\"text\" ><p style=\"text-align: center;\"><strong>100% opptil 5 000 kr + 100 gratisspinn<\/strong><\/p>\n<p style=\"text-align: center;\">40x veddem\u00e5l<\/p>\n<\/div><\/section><br \/>\n<div  class='avia-button-wrap av-av_button-130f1352d5b2ba9db787281dd76e2746-wrap avia-button-center  avia-builder-el-9  el_after_av_textblock  avia-builder-el-last '><a href='\/no\/go\/lukki'  class='avia-button av-av_button-130f1352d5b2ba9db787281dd76e2746 av-link-btn avia-icon_select-no avia-size-medium avia-position-center avia-color-theme-color'  ><span class='avia_iconbox_title' >KREV DIN BONUS<\/span><\/a><\/div><\/p>\n<\/div><\/div>\n<style type=\"text\/css\" data-created_by=\"avia_inline_auto\" id=\"style-css-av-av_cell_one_fifth-39b3353b55853fa2a3b19ce5819efe51\">\n.flex_cell.av-av_cell_one_fifth-39b3353b55853fa2a3b19ce5819efe51{\nvertical-align:middle;\nbackground-color:#ffffff;\n}\n<\/style>\n<div class='flex_cell av-av_cell_one_fifth-39b3353b55853fa2a3b19ce5819efe51 av-gridrow-cell av_one_fifth no_margin  avia-builder-el-10  el_after_av_cell_one_fifth  el_before_av_cell_one_fifth  brands'  ><div class='flex_cell_inner'><p>\n<style type=\"text\/css\" data-created_by=\"avia_inline_auto\" id=\"style-css-av-av_image-9cc46524b4e9fc41d26fa10add1b0933\">\n.avia-image-container.av-av_image-9cc46524b4e9fc41d26fa10add1b0933 img.avia_image{\nbox-shadow:none;\n}\n.avia-image-container.av-av_image-9cc46524b4e9fc41d26fa10add1b0933 .av-image-caption-overlay-center{\ncolor:#ffffff;\n}\n<\/style>\n<div  class='avia-image-container av-av_image-9cc46524b4e9fc41d26fa10add1b0933 av-styling- av-img-linked avia-align-center  avia-builder-el-11  el_before_av_textblock  avia-builder-el-first '   itemprop=\"image\" itemscope=\"itemscope\" itemtype=\"https:\/\/schema.org\/ImageObject\" ><div class=\"avia-image-container-inner\"><div class=\"avia-image-overlay-wrap\"><a href=\"\/no\/go\/spinsup\" class='avia_image '  aria-label='spinsup_casino_logo'><img decoding=\"async\" fetchpriority=\"high\" class='wp-image-31 avia-img-lazy-loading-not-31 avia_image ' src=\"https:\/\/geekygambler.com\/no\/wp-content\/uploads\/sites\/5\/2024\/08\/spinsup_casino_logo-300x224.png\" alt='Et bilde av Spinsup casino-logoen' title='spinsup_casino_logo'  height=\"224\" width=\"300\"  itemprop=\"thumbnailUrl\" srcset=\"https:\/\/geekygambler.com\/no\/wp-content\/uploads\/sites\/5\/2024\/08\/spinsup_casino_logo-300x224.png 300w, https:\/\/geekygambler.com\/no\/wp-content\/uploads\/sites\/5\/2024\/08\/spinsup_casino_logo-768x572.png 768w, https:\/\/geekygambler.com\/no\/wp-content\/uploads\/sites\/5\/2024\/08\/spinsup_casino_logo-705x525.png 705w, https:\/\/geekygambler.com\/no\/wp-content\/uploads\/sites\/5\/2024\/08\/spinsup_casino_logo.png 1000w\" sizes=\"(max-width: 300px) 100vw, 300px\" \/><\/a><\/div><\/div><\/div><br \/>\n\n<style type=\"text\/css\" data-created_by=\"avia_inline_auto\" id=\"style-css-av-av_textblock-9d14a32b21725c18565cc661a1d7b2ed\">\n#top .av_textblock_section.av-av_textblock-9d14a32b21725c18565cc661a1d7b2ed .avia_textblock{\ncolor:#0a0a0a;\n}\n<\/style>\n<section  class='av_textblock_section av-av_textblock-9d14a32b21725c18565cc661a1d7b2ed '   itemscope=\"itemscope\" itemtype=\"https:\/\/schema.org\/CreativeWork\" ><div class='avia_textblock av_inherit_color'  itemprop=\"text\" ><p style=\"text-align: center;\"><strong>5000 kr i Velkomstbonus + 100 Gratisspinn<\/strong><\/p>\n<p style=\"text-align: center;\">40x veddem\u00e5l<\/p>\n<\/div><\/section><br \/>\n<div  class='avia-button-wrap av-av_button-2c567706697c107085cb9295ad5f6a59-wrap avia-button-center  avia-builder-el-13  el_after_av_textblock  avia-builder-el-last '><a href='\/no\/go\/spinsup'  class='avia-button av-av_button-2c567706697c107085cb9295ad5f6a59 av-link-btn avia-icon_select-no avia-size-medium avia-position-center avia-color-theme-color'  ><span class='avia_iconbox_title' >KREV DIN BONUS<\/span><\/a><\/div><\/p>\n<\/div><\/div>\n<style type=\"text\/css\" data-created_by=\"avia_inline_auto\" id=\"style-css-av-av_cell_one_fifth-39b3353b55853fa2a3b19ce5819efe51\">\n.flex_cell.av-av_cell_one_fifth-39b3353b55853fa2a3b19ce5819efe51{\nvertical-align:middle;\nbackground-color:#ffffff;\n}\n<\/style>\n<div class='flex_cell av-av_cell_one_fifth-39b3353b55853fa2a3b19ce5819efe51 av-gridrow-cell av_one_fifth no_margin  avia-builder-el-14  el_after_av_cell_one_fifth  el_before_av_cell_one_fifth  brands'  ><div class='flex_cell_inner'><p>\n<style type=\"text\/css\" data-created_by=\"avia_inline_auto\" id=\"style-css-av-av_image-e25ff08fb812924be69ae85e5e082601\">\n.avia-image-container.av-av_image-e25ff08fb812924be69ae85e5e082601 img.avia_image{\nbox-shadow:none;\n}\n.avia-image-container.av-av_image-e25ff08fb812924be69ae85e5e082601 .av-image-caption-overlay-center{\ncolor:#ffffff;\n}\n<\/style>\n<div  class='avia-image-container av-av_image-e25ff08fb812924be69ae85e5e082601 av-styling- av-img-linked avia-align-center  avia-builder-el-15  el_before_av_textblock  avia-builder-el-first '   itemprop=\"image\" itemscope=\"itemscope\" itemtype=\"https:\/\/schema.org\/ImageObject\" ><div class=\"avia-image-container-inner\"><div class=\"avia-image-overlay-wrap\"><a href=\"\/no\/go\/arctic\" class='avia_image '  aria-label='rctic'><img decoding=\"async\" fetchpriority=\"high\" class='wp-image-32 avia-img-lazy-loading-not-32 avia_image ' src=\"https:\/\/geekygambler.com\/no\/wp-content\/uploads\/sites\/5\/2024\/08\/rctic-300x97.png\" alt='Et bilde av Arctic casino-logoen' title='rctic'  height=\"97\" width=\"300\"  itemprop=\"thumbnailUrl\" srcset=\"https:\/\/geekygambler.com\/no\/wp-content\/uploads\/sites\/5\/2024\/08\/rctic-300x97.png 300w, https:\/\/geekygambler.com\/no\/wp-content\/uploads\/sites\/5\/2024\/08\/rctic-1024x332.png 1024w, https:\/\/geekygambler.com\/no\/wp-content\/uploads\/sites\/5\/2024\/08\/rctic-768x249.png 768w, https:\/\/geekygambler.com\/no\/wp-content\/uploads\/sites\/5\/2024\/08\/rctic-1536x498.png 1536w, https:\/\/geekygambler.com\/no\/wp-content\/uploads\/sites\/5\/2024\/08\/rctic-1500x486.png 1500w, https:\/\/geekygambler.com\/no\/wp-content\/uploads\/sites\/5\/2024\/08\/rctic-705x229.png 705w, https:\/\/geekygambler.com\/no\/wp-content\/uploads\/sites\/5\/2024\/08\/rctic.png 1875w\" sizes=\"(max-width: 300px) 100vw, 300px\" \/><\/a><\/div><\/div><\/div><br \/>\n\n<style type=\"text\/css\" data-created_by=\"avia_inline_auto\" id=\"style-css-av-av_textblock-9d14a32b21725c18565cc661a1d7b2ed\">\n#top .av_textblock_section.av-av_textblock-9d14a32b21725c18565cc661a1d7b2ed .avia_textblock{\ncolor:#0a0a0a;\n}\n<\/style>\n<section  class='av_textblock_section av-av_textblock-9d14a32b21725c18565cc661a1d7b2ed '   itemscope=\"itemscope\" itemtype=\"https:\/\/schema.org\/CreativeWork\" ><div class='avia_textblock av_inherit_color'  itemprop=\"text\" ><p style=\"text-align: center;\"><strong>3000 kr i Velkomstbonus + 50 Gratisspinn<\/strong><\/p>\n<p style=\"text-align: center;\">35x veddem\u00e5l<\/p>\n<\/div><\/section><br \/>\n<div  class='avia-button-wrap av-av_button-4fecbc144a33125bc66c0f906c9fe49d-wrap avia-button-center  avia-builder-el-17  el_after_av_textblock  avia-builder-el-last '><a href='\/no\/go\/arctic'  class='avia-button av-av_button-4fecbc144a33125bc66c0f906c9fe49d av-link-btn avia-icon_select-no avia-size-medium avia-position-center avia-color-theme-color'  ><span class='avia_iconbox_title' >KREV DIN BONUS<\/span><\/a><\/div><\/p>\n<\/div><\/div>\n<style type=\"text\/css\" data-created_by=\"avia_inline_auto\" id=\"style-css-av-av_cell_one_fifth-e102f07aee4aa90321b8ecb5743696db\">\n.flex_cell.av-av_cell_one_fifth-e102f07aee4aa90321b8ecb5743696db{\nvertical-align:top;\n}\n<\/style>\n<div class='flex_cell av-av_cell_one_fifth-e102f07aee4aa90321b8ecb5743696db av-gridrow-cell av_one_fifth no_margin  avia-builder-el-18  el_after_av_cell_one_fifth  avia-builder-el-last '  ><div class='flex_cell_inner'><\/div><\/div>\n<\/div><\/p>\n<div id='headingmain2'  class='av-layout-grid-container av-av_layout_row-04537c813d5a33b3b1cc5e26fc81054e entry-content-wrapper main_color av-flex-cells  avia-builder-el-19  el_after_av_layout_row  avia-builder-el-last  grid-row-not-first  container_wrap fullsize'  >\n<div class='flex_cell av-av_cell_four_fifth-f73a11ccd29996a2a11249d534554c23 av-gridrow-cell av_four_fifth no_margin  avia-builder-el-20  el_before_av_cell_one_fifth  avia-builder-el-first '  ><div class='flex_cell_inner'><section  class='av_textblock_section av-m0dpffrt-a6931b975214f042f97f5be68a4f73b9 '   itemscope=\"itemscope\" itemtype=\"https:\/\/schema.org\/CreativeWork\" ><div class='avia_textblock'  itemprop=\"text\" ><h2>Norske Nettcasinoer<\/h2>\n<p><a href=\"https:\/\/geekygambler.com\/no\/\">Nettcasinoer<\/a> har blitt en hj\u00f8rnestein i Norges spillindustri, og tilbyr spillerne en praktisk og spennende m\u00e5te \u00e5 nyte favorittspillene sine fra komforten av eget hjem. Med en mengde alternativer tilgjengelig, kan det v\u00e6re utfordrende \u00e5 navigere i det omfattende landskapet av nettbasert gambling. I denne utforskningen skal vi dykke ned i verdenen av nettcasinoer i Norge, og unders\u00f8ke deres \u00f8kende popularitet, reguleringsrammeverk, spillerpreferanser og n\u00f8kkelakt\u00f8rer i bransjen.<\/p>\n<h3><strong>Oppgang av nettcasinoer i Norge:<\/strong><\/h3>\n<p>Fremveksten av nettcasinoer i Norge kan spores tilbake til midten av 1990-tallet, da internett begynte \u00e5 f\u00e5 utbredt aksept. Bekvemmeligheten ved \u00e5 kunne spille casinospill hjemmefra, kombinert med teknologiske fremskritt, banet vei for den raske veksten av nettgambling.<\/p>\n<p>Gjennom \u00e5rene har nettcasinoer utviklet seg betydelig, og tilbyr et bredt utvalg av spill, engasjerende opplevelser og innovative funksjoner for \u00e5 tiltrekke seg og beholde spillere. Fra tradisjonelle bordspill som blackjack og rulett til moderne videoslots og live dealer-spill, im\u00f8tekommer nettcasinoer et variert publikum med ulike preferanser.<\/p>\n<h3><strong>Reguleringsrammeverk:<\/strong><\/h3>\n<p>Norge har et av de mest robuste reguleringsrammeverkene for nettgambling i verden. Lotteri- og stiftelsestilsynet, etablert under Pengespilloven, er ansvarlig for \u00e5 regulere kommersiell gambling i Norge. Hovedm\u00e5lene inkluderer \u00e5 sikre at gambling utf\u00f8res rettferdig og \u00e5pent, forhindre at gambling blir en kilde til kriminalitet eller uro, og beskytte barn og s\u00e5rbare personer fra \u00e5 bli skadet eller utnyttet av gambling.<\/p>\n<p>For \u00e5 operere lovlig i Norge m\u00e5 nettcasinoer f\u00e5 lisens fra Lotteri- og stiftelsestilsynet. Denne lisensen sikrer at casinoet oppfyller strenge standarder n\u00e5r det gjelder spillerbeskyttelse, rettferdighet i spill og tiltak for ansvarlig gambling. Unnlatelse av \u00e5 overholde disse forskriftene kan resultere i alvorlige straffer, inkludert b\u00f8ter og tilbakekalling av lisensen.<\/p>\n<p>Det strenge reguleringsrammeverket i Norge gir spillerne trygghet, vel vitende om at de deltar i et trygt og sikkert spillmilj\u00f8. Det bidrar ogs\u00e5 til \u00e5 fremme tillit og troverdighet i bransjen, noe som er avgj\u00f8rende for dens fortsatte vekst og suksess.<\/p>\n<h3><strong>Spillerpreferanser i Norge:<\/strong><\/h3>\n<p>N\u00e5r det gjelder nettcasinoer, varierer spillerpreferanser bredt, og operat\u00f8rene m\u00e5 im\u00f8tekomme et variert publikum med forskjellige smak og preferanser. Noen spillere foretrekker tradisjonelle casinospill som blackjack, rulett og poker, mens andre tiltrekkes av spenningen i videoslots og progressive jackpotter.<\/p>\n<p>Live dealer-spill har ogs\u00e5 blitt stadig mer popul\u00e6re blant norske spillere, og tilbyr en engasjerende og interaktiv spillopplevelse som etterligner atmosf\u00e6ren i et ekte casino. Med live dealere som str\u00f8mmes i sanntid fra studioinnstillinger, kan spillere nyte spill som blackjack, rulett og baccarat fra komforten av eget hjem.<\/p>\n<p>I tillegg til spillutvalg, p\u00e5virker faktorer som <a href=\"https:\/\/geekygambler.com\/no\/online-bonuser\/\">bonuser<\/a> og kampanjer, betalingsalternativer, kundest\u00f8tte og mobilkompatibilitet ogs\u00e5 spillerpreferansene n\u00e5r de velger et nettcasino. Spillere tiltrekkes av casinoer som tilbyr sjener\u00f8se velkomstbonuser, l\u00f8pende kampanjer og lojalitetsbel\u00f8nninger for \u00e5 forbedre spillopplevelsen og maksimere vinnersjansene sine.<\/p>\n<p>Nettcasinoer har blitt en integrert del av Norges spillandskap, og tilbyr spillerne en praktisk og spennende m\u00e5te \u00e5 nyte favorittspillene sine fra hvor som helst, n\u00e5r som helst. Med et robust reguleringsrammeverk p\u00e5 plass kan spillerne stole p\u00e5 at de deltar i et trygt og sikkert spillmilj\u00f8.<\/p>\n<\/div><\/section>\n<\/div><\/div><div class='flex_cell av-av_cell_one_fifth-f73a11ccd29996a2a11249d534554c23 av-gridrow-cell av_one_fifth no_margin  avia-builder-el-22  el_after_av_cell_four_fifth  avia-builder-el-last '  ><div class='flex_cell_inner'><\/div><\/div><\/div>\n","protected":false},"excerpt":{"rendered":"","protected":false},"author":1,"featured_media":0,"parent":0,"menu_order":0,"comment_status":"closed","ping_status":"closed","template":"","meta":{"footnotes":""},"class_list":["post-51","page","type-page","status-publish","hentry"],"yoast_head":"<!-- This site is optimized with the Yoast SEO plugin v27.3 - https:\/\/yoast.com\/product\/yoast-seo-wordpress\/ -->\n<title>Casino - Geeky Gambler Norska<\/title>\n<meta name=\"robots\" content=\"index, follow, max-snippet:-1, max-image-preview:large, max-video-preview:-1\" \/>\n<link rel=\"canonical\" href=\"https:\/\/geekygambler.com\/no\/casino\/\" \/>\n<meta property=\"og:locale\" content=\"nn_NO\" \/>\n<meta property=\"og:type\" content=\"article\" \/>\n<meta property=\"og:title\" content=\"Casino - Geeky Gambler Norska\" \/>\n<meta property=\"og:url\" content=\"https:\/\/geekygambler.com\/no\/casino\/\" \/>\n<meta property=\"og:site_name\" content=\"Geeky Gambler Norska\" \/>\n<meta property=\"article:modified_time\" content=\"2024-08-28T10:19:45+00:00\" \/>\n<meta name=\"twitter:card\" content=\"summary_large_image\" \/>\n<meta name=\"twitter:label1\" content=\"Est. reading time\" \/>\n\t<meta name=\"twitter:data1\" content=\"7 minutt\" \/>\n<script type=\"application\/ld+json\" class=\"yoast-schema-graph\">{\"@context\":\"https:\\\/\\\/schema.org\",\"@graph\":[{\"@type\":\"WebPage\",\"@id\":\"https:\\\/\\\/geekygambler.com\\\/no\\\/casino\\\/\",\"url\":\"https:\\\/\\\/geekygambler.com\\\/no\\\/casino\\\/\",\"name\":\"Casino - Geeky Gambler Norska\",\"isPartOf\":{\"@id\":\"https:\\\/\\\/geekygambler.com\\\/no\\\/#website\"},\"datePublished\":\"2024-08-28T08:44:43+00:00\",\"dateModified\":\"2024-08-28T10:19:45+00:00\",\"breadcrumb\":{\"@id\":\"https:\\\/\\\/geekygambler.com\\\/no\\\/casino\\\/#breadcrumb\"},\"inLanguage\":\"nn-NO\",\"potentialAction\":[{\"@type\":\"ReadAction\",\"target\":[\"https:\\\/\\\/geekygambler.com\\\/no\\\/casino\\\/\"]}]},{\"@type\":\"BreadcrumbList\",\"@id\":\"https:\\\/\\\/geekygambler.com\\\/no\\\/casino\\\/#breadcrumb\",\"itemListElement\":[{\"@type\":\"ListItem\",\"position\":1,\"name\":\"Home\",\"item\":\"https:\\\/\\\/geekygambler.com\\\/no\\\/\"},{\"@type\":\"ListItem\",\"position\":2,\"name\":\"Casino\"}]},{\"@type\":\"WebSite\",\"@id\":\"https:\\\/\\\/geekygambler.com\\\/no\\\/#website\",\"url\":\"https:\\\/\\\/geekygambler.com\\\/no\\\/\",\"name\":\"Geeky Gambler Norska\",\"description\":\"\",\"potentialAction\":[{\"@type\":\"SearchAction\",\"target\":{\"@type\":\"EntryPoint\",\"urlTemplate\":\"https:\\\/\\\/geekygambler.com\\\/no\\\/?s={search_term_string}\"},\"query-input\":{\"@type\":\"PropertyValueSpecification\",\"valueRequired\":true,\"valueName\":\"search_term_string\"}}],\"inLanguage\":\"nn-NO\"}]}<\/script>\n<!-- \/ Yoast SEO plugin. -->","yoast_head_json":{"title":"Casino - Geeky Gambler Norska","robots":{"index":"index","follow":"follow","max-snippet":"max-snippet:-1","max-image-preview":"max-image-preview:large","max-video-preview":"max-video-preview:-1"},"canonical":"https:\/\/geekygambler.com\/no\/casino\/","og_locale":"nn_NO","og_type":"article","og_title":"Casino - Geeky Gambler Norska","og_url":"https:\/\/geekygambler.com\/no\/casino\/","og_site_name":"Geeky Gambler Norska","article_modified_time":"2024-08-28T10:19:45+00:00","twitter_card":"summary_large_image","twitter_misc":{"Est. reading time":"7 minutt"},"schema":{"@context":"https:\/\/schema.org","@graph":[{"@type":"WebPage","@id":"https:\/\/geekygambler.com\/no\/casino\/","url":"https:\/\/geekygambler.com\/no\/casino\/","name":"Casino - Geeky Gambler Norska","isPartOf":{"@id":"https:\/\/geekygambler.com\/no\/#website"},"datePublished":"2024-08-28T08:44:43+00:00","dateModified":"2024-08-28T10:19:45+00:00","breadcrumb":{"@id":"https:\/\/geekygambler.com\/no\/casino\/#breadcrumb"},"inLanguage":"nn-NO","potentialAction":[{"@type":"ReadAction","target":["https:\/\/geekygambler.com\/no\/casino\/"]}]},{"@type":"BreadcrumbList","@id":"https:\/\/geekygambler.com\/no\/casino\/#breadcrumb","itemListElement":[{"@type":"ListItem","position":1,"name":"Home","item":"https:\/\/geekygambler.com\/no\/"},{"@type":"ListItem","position":2,"name":"Casino"}]},{"@type":"WebSite","@id":"https:\/\/geekygambler.com\/no\/#website","url":"https:\/\/geekygambler.com\/no\/","name":"Geeky Gambler Norska","description":"","potentialAction":[{"@type":"SearchAction","target":{"@type":"EntryPoint","urlTemplate":"https:\/\/geekygambler.com\/no\/?s={search_term_string}"},"query-input":{"@type":"PropertyValueSpecification","valueRequired":true,"valueName":"search_term_string"}}],"inLanguage":"nn-NO"}]}},"_links":{"self":[{"href":"https:\/\/geekygambler.com\/no\/wp-json\/wp\/v2\/pages\/51","targetHints":{"allow":["GET"]}}],"collection":[{"href":"https:\/\/geekygambler.com\/no\/wp-json\/wp\/v2\/pages"}],"about":[{"href":"https:\/\/geekygambler.com\/no\/wp-json\/wp\/v2\/types\/page"}],"author":[{"embeddable":true,"href":"https:\/\/geekygambler.com\/no\/wp-json\/wp\/v2\/users\/1"}],"replies":[{"embeddable":true,"href":"https:\/\/geekygambler.com\/no\/wp-json\/wp\/v2\/comments?post=51"}],"version-history":[{"count":3,"href":"https:\/\/geekygambler.com\/no\/wp-json\/wp\/v2\/pages\/51\/revisions"}],"predecessor-version":[{"id":70,"href":"https:\/\/geekygambler.com\/no\/wp-json\/wp\/v2\/pages\/51\/revisions\/70"}],"wp:attachment":[{"href":"https:\/\/geekygambler.com\/no\/wp-json\/wp\/v2\/media?parent=51"}],"curies":[{"name":"wp","href":"https:\/\/api.w.org\/{rel}","templated":true}]}}