{"id":25,"date":"2024-08-28T11:58:55","date_gmt":"2024-08-28T11:58:55","guid":{"rendered":"https:\/\/geekygambler.com\/sv\/?page_id=25"},"modified":"2024-09-05T06:54:21","modified_gmt":"2024-09-05T06:54:21","slug":"onlinekasinon","status":"publish","type":"page","link":"https:\/\/geekygambler.com\/sv\/onlinekasinon\/","title":{"rendered":"Onlinekasinon"},"content":{"rendered":"<div id='headingmain'  class='av-layout-grid-container av-av_layout_row-b6a85e1abc8a548f29f50f0ad4e8ba6b entry-content-wrapper alternate_color av-flex-cells  avia-builder-el-0  el_before_av_layout_row  avia-builder-el-first   container_wrap fullsize'  >\n<div class='flex_cell av-av_cell_one_full-f73a11ccd29996a2a11249d534554c23 av-gridrow-cell av_one_full no_margin  avia-builder-el-1  avia-builder-el-no-sibling '  ><div class='flex_cell_inner'><p>\n<style type=\"text\/css\" data-created_by=\"avia_inline_auto\" id=\"style-css-av-m0gffm1w-f1138e1a9af9d9b43f522d98ca8a1292\">\n#top .av-special-heading.av-m0gffm1w-f1138e1a9af9d9b43f522d98ca8a1292{\npadding-bottom:10px;\n}\nbody .av-special-heading.av-m0gffm1w-f1138e1a9af9d9b43f522d98ca8a1292 .av-special-heading-tag .heading-char{\nfont-size:25px;\n}\n.av-special-heading.av-m0gffm1w-f1138e1a9af9d9b43f522d98ca8a1292 .av-subheading{\nfont-size:15px;\n}\n<\/style>\n<div  class='av-special-heading av-m0gffm1w-f1138e1a9af9d9b43f522d98ca8a1292 av-special-heading-h1 blockquote modern-quote  avia-builder-el-2  el_before_av_textblock  avia-builder-el-first '><h1 class='av-special-heading-tag'  itemprop=\"headline\"  >Topp n\u00e4tcasinon i Sverige<\/h1><div class=\"special-heading-border\"><div class=\"special-heading-inner-border\"><\/div><\/div><\/div><br \/>\n<section  class='av_textblock_section av-m0gffsrj-f41fdb7a12268357e02da416c6a2219f '   itemscope=\"itemscope\" itemtype=\"https:\/\/schema.org\/CreativeWork\" ><div class='avia_textblock'  itemprop=\"text\" ><h2>VI HAR LISTAT DE ABSOLUTT B\u00c4STA CASINON!<\/h2>\n<p>L\u00e4r dig om de b\u00e4sta svenska n\u00e4tcasinona i den n\u00e4tbaserade spelv\u00e4rlden h\u00e4r! I Sverige erbjuder n\u00e4tcasinon ett sp\u00e4nnande och praktiskt s\u00e4tt att njuta av sp\u00e4nningen med spel fr\u00e5n bekv\u00e4mligheten av ditt eget hem. Bland de m\u00e5nga tillg\u00e4ngliga alternativen finns det n\u00e5gra som sticker ut som de b\u00e4sta i branschen.<\/p>\n<p>Topp n\u00e4tcasinon i Sverige kombinerar banbrytande teknik, ett varierat urval av spel och utm\u00e4rkt kundservice f\u00f6r att ge spelarna en of\u00f6rgl\u00f6mlig spelupplevelse.<\/p>\n<\/div><\/section><\/p>\n<\/div><\/div><\/div><div id='headingcasinos'  class='av-layout-grid-container av-av_layout_row-be38dc799a94697a16a8074afbb0c667 entry-content-wrapper alternate_color av-flex-cells  avia-builder-el-4  el_after_av_layout_row  el_before_av_layout_row  grid-row-not-first  container_wrap fullsize'  >\n<div class='flex_cell av-av_cell_one_fifth-f73a11ccd29996a2a11249d534554c23 av-gridrow-cell av_one_fifth no_margin  avia-builder-el-5  el_before_av_cell_one_fifth  avia-builder-el-first '  ><div class='flex_cell_inner'><\/div><\/div>\n<style type=\"text\/css\" data-created_by=\"avia_inline_auto\" id=\"style-css-av-av_cell_one_fifth-39b3353b55853fa2a3b19ce5819efe51\">\n.flex_cell.av-av_cell_one_fifth-39b3353b55853fa2a3b19ce5819efe51{\nvertical-align:middle;\nbackground-color:#ffffff;\n}\n<\/style>\n<div class='flex_cell av-av_cell_one_fifth-39b3353b55853fa2a3b19ce5819efe51 av-gridrow-cell av_one_fifth no_margin  avia-builder-el-6  el_after_av_cell_one_fifth  el_before_av_cell_one_fifth  brands'  ><div class='flex_cell_inner'><p>\n<style type=\"text\/css\" data-created_by=\"avia_inline_auto\" id=\"style-css-av-av_image-74d48d1f88e45ad4d75333a6b8004ba4\">\n.avia-image-container.av-av_image-74d48d1f88e45ad4d75333a6b8004ba4 img.avia_image{\nbox-shadow:none;\n}\n.avia-image-container.av-av_image-74d48d1f88e45ad4d75333a6b8004ba4 .av-image-caption-overlay-center{\ncolor:#ffffff;\n}\n<\/style>\n<div  class='avia-image-container av-av_image-74d48d1f88e45ad4d75333a6b8004ba4 av-styling- av-img-linked avia-align-center  avia-builder-el-7  el_before_av_textblock  avia-builder-el-first '   itemprop=\"image\" itemscope=\"itemscope\" itemtype=\"https:\/\/schema.org\/ImageObject\" ><div class=\"avia-image-container-inner\"><div class=\"avia-image-overlay-wrap\"><a href=\"\/sv\/go\/casumo\" class='avia_image '  aria-label='Casumo'><img decoding=\"async\" fetchpriority=\"high\" class='wp-image-41 avia-img-lazy-loading-not-41 avia_image ' src=\"https:\/\/geekygambler.com\/sv\/wp-content\/uploads\/sites\/4\/2024\/08\/Casumo.png\" alt='En bild av Casumo logotyp' title='Casumo'  height=\"44\" width=\"217\"  itemprop=\"thumbnailUrl\"  \/><\/a><\/div><\/div><\/div><br \/>\n\n<style type=\"text\/css\" data-created_by=\"avia_inline_auto\" id=\"style-css-av-av_textblock-b39ff1e9cd1d233b4ba1e11e723f01be\">\n#top .av_textblock_section.av-av_textblock-b39ff1e9cd1d233b4ba1e11e723f01be .avia_textblock{\ncolor:#0a0a0a;\n}\n<\/style>\n<section  class='av_textblock_section av-av_textblock-b39ff1e9cd1d233b4ba1e11e723f01be '   itemscope=\"itemscope\" itemtype=\"https:\/\/schema.org\/CreativeWork\" ><div class='avia_textblock av_inherit_color'  itemprop=\"text\" ><p style=\"text-align: center;\"><strong>100% ins\u00e4ttningsbonus upp till 500 kr + 40 Free Spins<\/strong><\/p>\n<div class=\"smalltext\">\n<p style=\"text-align: center;\">Minsta ins\u00e4ttning 100 kr \u2022 100% ins\u00e4ttningsbonus upp till 500 kr \u2022 Bonus + ins\u00e4ttning m\u00e5ste oms\u00e4ttas 30 g\u00e5nger \u2022 40 free spins i Big Bass Bonanza v\u00e4rda 1 kr per snurr, oms\u00e4ttning 10 g\u00e5nger \u2022 Giltigt 60 dagar \u2022 Endast nya spelare, en g\u00e5ng per hush\u00e5ll\/IP. Spela ansvarsfullt \u2022\u00a0<a class=\"u-link-inline u-cursor--pointer\" href=\"https:\/\/stodlinjen.se\/\" target=\"_blank\" rel=\"noopener noreferrer\">St\u00f6dlinjen.se<\/a>\u00a0\u2022 (020-819100)<\/p>\n<div class=\"u-line-height--1-2 t-color-white u-link-inline u-cursor--pointer\" style=\"text-align: center;\"><a href=\"\/sv\/casumo-terms\">Klicka f\u00f6r Regler &amp; Villkor<\/a><\/div>\n<\/div>\n<\/div><\/section><br \/>\n<div  class='avia-button-wrap av-av_button-1fb194e5edd5ebabac417ed3e83e78b9-wrap avia-button-center  avia-builder-el-9  el_after_av_textblock  avia-builder-el-last '><a href='\/sv\/go\/casumo'  class='avia-button av-av_button-1fb194e5edd5ebabac417ed3e83e78b9 av-link-btn avia-icon_select-no avia-size-medium avia-position-center avia-color-theme-color'  ><span class='avia_iconbox_title' >Til Bonusen<\/span><\/a><\/div><\/p>\n<\/div><\/div>\n<style type=\"text\/css\" data-created_by=\"avia_inline_auto\" id=\"style-css-av-av_cell_one_fifth-39b3353b55853fa2a3b19ce5819efe51\">\n.flex_cell.av-av_cell_one_fifth-39b3353b55853fa2a3b19ce5819efe51{\nvertical-align:middle;\nbackground-color:#ffffff;\n}\n<\/style>\n<div class='flex_cell av-av_cell_one_fifth-39b3353b55853fa2a3b19ce5819efe51 av-gridrow-cell av_one_fifth no_margin  avia-builder-el-10  el_after_av_cell_one_fifth  el_before_av_cell_one_fifth  brands'  ><div class='flex_cell_inner'><p>\n<style type=\"text\/css\" data-created_by=\"avia_inline_auto\" id=\"style-css-av-av_image-a2c091f21bb8b56ab9a99a01bf433923\">\n.avia-image-container.av-av_image-a2c091f21bb8b56ab9a99a01bf433923 img.avia_image{\nbox-shadow:none;\n}\n.avia-image-container.av-av_image-a2c091f21bb8b56ab9a99a01bf433923 .av-image-caption-overlay-center{\ncolor:#ffffff;\n}\n<\/style>\n<div  class='avia-image-container av-av_image-a2c091f21bb8b56ab9a99a01bf433923 av-styling- av-img-linked avia-align-center  avia-builder-el-11  el_before_av_textblock  avia-builder-el-first '   itemprop=\"image\" itemscope=\"itemscope\" itemtype=\"https:\/\/schema.org\/ImageObject\" ><div class=\"avia-image-container-inner\"><div class=\"avia-image-overlay-wrap\"><a href=\"\/sv\/go\/leovegas\" class='avia_image '  aria-label='LeoVegas'><img decoding=\"async\" fetchpriority=\"high\" class='wp-image-43 avia-img-lazy-loading-not-43 avia_image ' src=\"https:\/\/geekygambler.com\/sv\/wp-content\/uploads\/sites\/4\/2024\/08\/LeoVegas.png\" alt='En bild av LeoVegas logotyp' title='LeoVegas'  height=\"83\" width=\"150\"  itemprop=\"thumbnailUrl\"  \/><\/a><\/div><\/div><\/div><br \/>\n\n<style type=\"text\/css\" data-created_by=\"avia_inline_auto\" id=\"style-css-av-av_textblock-b39ff1e9cd1d233b4ba1e11e723f01be\">\n#top .av_textblock_section.av-av_textblock-b39ff1e9cd1d233b4ba1e11e723f01be .avia_textblock{\ncolor:#0a0a0a;\n}\n<\/style>\n<section  class='av_textblock_section av-av_textblock-b39ff1e9cd1d233b4ba1e11e723f01be '   itemscope=\"itemscope\" itemtype=\"https:\/\/schema.org\/CreativeWork\" ><div class='avia_textblock av_inherit_color'  itemprop=\"text\" ><p style=\"text-align: center;\"><strong>UPP TILL 4 000 KR + 100 GRATISSPINS<\/strong><\/p>\n<div class=\"smalltext\">\n<p style=\"text-align: center;\">18+. G\u00e4ller nya spelare vid f\u00f6rsta ins\u00e4ttningen min. 100 kr (bonus upp till 4000 kr). 20x oms\u00e4ttningskrav. F\u00e5 sedan bonuspengar och gratisspins i MGM Grand Gamble. Giltigt i 60 dagar. Regler &amp; villkor g\u00e4ller. stodlinjen.se &#8211; spelpaus.se. Spela ansvarsfullt.<\/p>\n<div class=\"u-line-height--1-2 t-color-white u-link-inline u-cursor--pointer\" style=\"text-align: center;\"><a href=\"\/sv\/leo-terms\">Klicka f\u00f6r Regler &amp; Villkor<\/a><\/div>\n<\/div>\n<\/div><\/section><br \/>\n<div  class='avia-button-wrap av-av_button-4599fea3320b09a11cfbcb6510cb8e88-wrap avia-button-center  avia-builder-el-13  el_after_av_textblock  avia-builder-el-last '><a href='\/sv\/go\/leovegas'  class='avia-button av-av_button-4599fea3320b09a11cfbcb6510cb8e88 av-link-btn avia-icon_select-no avia-size-medium avia-position-center avia-color-theme-color'  ><span class='avia_iconbox_title' >Til Bonusen<\/span><\/a><\/div><\/p>\n<\/div><\/div>\n<style type=\"text\/css\" data-created_by=\"avia_inline_auto\" id=\"style-css-av-av_cell_one_fifth-39b3353b55853fa2a3b19ce5819efe51\">\n.flex_cell.av-av_cell_one_fifth-39b3353b55853fa2a3b19ce5819efe51{\nvertical-align:middle;\nbackground-color:#ffffff;\n}\n<\/style>\n<div class='flex_cell av-av_cell_one_fifth-39b3353b55853fa2a3b19ce5819efe51 av-gridrow-cell av_one_fifth no_margin  avia-builder-el-14  el_after_av_cell_one_fifth  el_before_av_cell_one_fifth  brands'  ><div class='flex_cell_inner'><p>\n<style type=\"text\/css\" data-created_by=\"avia_inline_auto\" id=\"style-css-av-av_image-ae0153c54b5a4fa2639873353c2c7fd9\">\n.avia-image-container.av-av_image-ae0153c54b5a4fa2639873353c2c7fd9 img.avia_image{\nbox-shadow:none;\n}\n.avia-image-container.av-av_image-ae0153c54b5a4fa2639873353c2c7fd9 .av-image-caption-overlay-center{\ncolor:#ffffff;\n}\n<\/style>\n<div  class='avia-image-container av-av_image-ae0153c54b5a4fa2639873353c2c7fd9 av-styling- av-img-linked avia-align-center  avia-builder-el-15  el_before_av_textblock  avia-builder-el-first '   itemprop=\"image\" itemscope=\"itemscope\" itemtype=\"https:\/\/schema.org\/ImageObject\" ><div class=\"avia-image-container-inner\"><div class=\"avia-image-overlay-wrap\"><a href=\"\/sv\/go\/gogo\" class='avia_image '  aria-label='GoGo Casino'><img decoding=\"async\" fetchpriority=\"high\" class='wp-image-42 avia-img-lazy-loading-not-42 avia_image ' src=\"https:\/\/geekygambler.com\/sv\/wp-content\/uploads\/sites\/4\/2024\/08\/GoGo-Casino-300x173.png\" alt='En bild av GoGo logotyp' title='GoGo Casino'  height=\"173\" width=\"300\"  itemprop=\"thumbnailUrl\" srcset=\"https:\/\/geekygambler.com\/sv\/wp-content\/uploads\/sites\/4\/2024\/08\/GoGo-Casino-300x173.png 300w, https:\/\/geekygambler.com\/sv\/wp-content\/uploads\/sites\/4\/2024\/08\/GoGo-Casino.png 400w\" sizes=\"(max-width: 300px) 100vw, 300px\" \/><\/a><\/div><\/div><\/div><br \/>\n\n<style type=\"text\/css\" data-created_by=\"avia_inline_auto\" id=\"style-css-av-av_textblock-b39ff1e9cd1d233b4ba1e11e723f01be\">\n#top .av_textblock_section.av-av_textblock-b39ff1e9cd1d233b4ba1e11e723f01be .avia_textblock{\ncolor:#0a0a0a;\n}\n<\/style>\n<section  class='av_textblock_section av-av_textblock-b39ff1e9cd1d233b4ba1e11e723f01be '   itemscope=\"itemscope\" itemtype=\"https:\/\/schema.org\/CreativeWork\" ><div class='avia_textblock av_inherit_color'  itemprop=\"text\" ><p style=\"text-align: center;\"><strong>Alla nya spelare f\u00e5r 150 gratisspins i v\u00e4lkomstbonus!<\/strong><\/p>\n<div class=\"smalltext\">\n<p style=\"text-align: center;\">18+. Regler &amp; villkor g\u00e4ller, stodlinjen.se &#8211; spelpaus.se. Spela ansvarsfullt.<\/p>\n<div class=\"u-line-height--1-2 t-color-white u-link-inline u-cursor--pointer\" style=\"text-align: center;\"><a href=\"\/sv\/gogo-terms\">Klicka f\u00f6r Regler &amp; Villkor<\/a><\/div>\n<\/div>\n<\/div><\/section><br \/>\n<div  class='avia-button-wrap av-av_button-4599fea3320b09a11cfbcb6510cb8e88-wrap avia-button-center  avia-builder-el-17  el_after_av_textblock  avia-builder-el-last '><a href='\/sv\/go\/leovegas'  class='avia-button av-av_button-4599fea3320b09a11cfbcb6510cb8e88 av-link-btn avia-icon_select-no avia-size-medium avia-position-center avia-color-theme-color'  ><span class='avia_iconbox_title' >Til Bonusen<\/span><\/a><\/div><\/p>\n<\/div><\/div>\n<style type=\"text\/css\" data-created_by=\"avia_inline_auto\" id=\"style-css-av-av_cell_one_fifth-e102f07aee4aa90321b8ecb5743696db\">\n.flex_cell.av-av_cell_one_fifth-e102f07aee4aa90321b8ecb5743696db{\nvertical-align:top;\n}\n<\/style>\n<div class='flex_cell av-av_cell_one_fifth-e102f07aee4aa90321b8ecb5743696db av-gridrow-cell av_one_fifth no_margin  avia-builder-el-18  el_after_av_cell_one_fifth  avia-builder-el-last '  ><div class='flex_cell_inner'><\/div><\/div>\n<\/div><\/p>\n<div id='headingmain2'  class='av-layout-grid-container av-av_layout_row-8e977580b2563cb2b870709fefd599a1 entry-content-wrapper main_color av-flex-cells  avia-builder-el-19  el_after_av_layout_row  avia-builder-el-last  grid-row-not-first  container_wrap fullsize'  >\n<div class='flex_cell av-av_cell_four_fifth-f73a11ccd29996a2a11249d534554c23 av-gridrow-cell av_four_fifth no_margin  avia-builder-el-20  el_before_av_cell_one_fifth  avia-builder-el-first '  ><div class='flex_cell_inner'><section  class='av_textblock_section av-m0gfhywq-a7b4acb38013a63481e8f45b2da968d8 '   itemscope=\"itemscope\" itemtype=\"https:\/\/schema.org\/CreativeWork\" ><div class='avia_textblock'  itemprop=\"text\" ><h2>Svenska N\u00e4tcasinon<\/h2>\n<p>N\u00e4tcasinon har blivit en h\u00f6rnsten i Sveriges spelindustri och erbjuder spelarna ett praktiskt och sp\u00e4nnande s\u00e4tt att njuta av sina favoritspel fr\u00e5n bekv\u00e4mligheten av sitt eget hem. Med en m\u00e4ngd alternativ tillg\u00e4ngliga kan det vara utmanande att navigera i det omfattande landskapet av n\u00e4tbaserat spelande. I denna utforskning ska vi dyka ner i v\u00e4rlden av n\u00e4tcasinon i Sverige och unders\u00f6ka deras \u00f6kande popularitet, regleringsramverk, spelarpreferenser och nyckelakt\u00f6rer i branschen.<\/p>\n<p><strong>Uppg\u00e5ng av n\u00e4tcasinon i Sverige:<\/strong><\/p>\n<p>Framv\u00e4xten av <a href=\"https:\/\/geekygambler.com\/sv\/\">n\u00e4tcasinon<\/a> i Sverige kan sp\u00e5ras tillbaka till mitten av 1990-talet, n\u00e4r internet b\u00f6rjade f\u00e5 allm\u00e4n acceptans. Bekv\u00e4mligheten att kunna spela casinospel hemifr\u00e5n, kombinerat med teknologiska framsteg, banade v\u00e4gen f\u00f6r den snabba tillv\u00e4xten av n\u00e4tspel.<\/p>\n<p>Genom \u00e5ren har n\u00e4tcasinon utvecklats avsev\u00e4rt och erbjuder ett brett utbud av spel, engagerande upplevelser och innovativa funktioner f\u00f6r att attrahera och beh\u00e5lla spelare. Fr\u00e5n traditionella bordsspel som blackjack och roulette till moderna videoslots och live dealer-spel, tillgodoser n\u00e4tcasinon en bred publik med olika preferenser.<\/p>\n<p><strong>Regleringsramverk:<\/strong><\/p>\n<p>Sverige har ett av de mest robusta regleringsramverken f\u00f6r n\u00e4tspel i v\u00e4rlden. Spelinspektionen, etablerad under Spellagen, \u00e4r ansvarig f\u00f6r att reglera kommersiellt spelande i Sverige. Huvudm\u00e5len inkluderar att s\u00e4kerst\u00e4lla att spel bedrivs r\u00e4ttvist och \u00f6ppet, f\u00f6rhindra att spel blir en k\u00e4lla till brottslighet eller oro, och skydda barn och s\u00e5rbara personer fr\u00e5n att skadas eller utnyttjas av spel.<\/p>\n<p>F\u00f6r att operera lagligt i Sverige m\u00e5ste n\u00e4tcasinon f\u00e5 licens fr\u00e5n Spelinspektionen. Denna licens s\u00e4kerst\u00e4ller att casinot uppfyller strikta standarder n\u00e4r det g\u00e4ller spelarskydd, r\u00e4ttvisa i spel och \u00e5tg\u00e4rder f\u00f6r ansvarsfullt spelande. Underl\u00e5tenhet att f\u00f6lja dessa regler kan resultera i allvarliga straff, inklusive b\u00f6ter och \u00e5terkallande av licensen.<\/p>\n<p>Det strikta regleringsramverket i Sverige ger spelarna trygghet, med vetskapen om att de deltar i en s\u00e4ker spelmilj\u00f6. Det bidrar ocks\u00e5 till att fr\u00e4mja f\u00f6rtroende och trov\u00e4rdighet i branschen, vilket \u00e4r avg\u00f6rande f\u00f6r dess fortsatta tillv\u00e4xt och framg\u00e5ng.<\/p>\n<p><strong>Spelarpreferenser i Sverige:<\/strong><\/p>\n<p>N\u00e4r det g\u00e4ller n\u00e4tcasinon varierar spelarpreferenserna stort, och operat\u00f6rerna m\u00e5ste tillgodose en bred publik med olika smak och preferenser. Vissa spelare f\u00f6redrar traditionella casinospel som blackjack, roulette och poker, medan andra dras till sp\u00e4nningen i videoslots och progressiva jackpottar.<\/p>\n<p>Live dealer-spel har ocks\u00e5 blivit allt mer popul\u00e4ra bland svenska spelare, och erbjuder en engagerande och interaktiv spelupplevelse som efterliknar atmosf\u00e4ren i ett riktigt casino. Med live dealers som streamas i realtid fr\u00e5n studioupps\u00e4ttningar kan spelare njuta av spel som blackjack, roulette och baccarat fr\u00e5n bekv\u00e4mligheten av sitt eget hem.<\/p>\n<p>F\u00f6rutom spelutbud p\u00e5verkar faktorer som bonusar och kampanjer, betalningsalternativ, kundsupport och mobilkompatibilitet ocks\u00e5 spelarpreferenserna n\u00e4r de v\u00e4ljer ett n\u00e4tcasino. Spelare dras till casinon som erbjuder gener\u00f6sa <a href=\"https:\/\/geekygambler.com\/sv\/online-bonus\/\">v\u00e4lkomstbonusar<\/a>, l\u00f6pande kampanjer och lojalitetsbel\u00f6ningar f\u00f6r att f\u00f6rb\u00e4ttra spelupplevelsen och maximera sina vinstchanser.<\/p>\n<p>N\u00e4tcasinon har blivit en integrerad del av Sveriges spellandskap och erbjuder spelarna ett praktiskt och sp\u00e4nnande s\u00e4tt att njuta av sina favoritspel fr\u00e5n var som helst, n\u00e4r som helst. Med ett robust regleringsramverk p\u00e5 plats kan spelarna lita p\u00e5 att de deltar i en s\u00e4ker spelmilj\u00f6.<\/p>\n<\/div><\/section>\n<\/div><\/div><div class='flex_cell av-av_cell_one_fifth-f73a11ccd29996a2a11249d534554c23 av-gridrow-cell av_one_fifth no_margin  avia-builder-el-22  el_after_av_cell_four_fifth  avia-builder-el-last '  ><div class='flex_cell_inner'><\/div><\/div><\/div>\n","protected":false},"excerpt":{"rendered":"","protected":false},"author":1,"featured_media":0,"parent":0,"menu_order":0,"comment_status":"closed","ping_status":"closed","template":"","meta":{"footnotes":""},"class_list":["post-25","page","type-page","status-publish","hentry"],"yoast_head":"<!-- This site is optimized with the Yoast SEO plugin v27.3 - https:\/\/yoast.com\/product\/yoast-seo-wordpress\/ -->\n<title>Onlinekasinon 2024 \u2013 B\u00e4sta Casinon och Bonusar<\/title>\n<meta name=\"description\" content=\"Uppt\u00e4ck de b\u00e4sta onlinekasinona 2024! J\u00e4mf\u00f6r nya casinon, bonusar och free spins f\u00f6r att spela s\u00e4kert och vinna stort.\" \/>\n<meta name=\"robots\" content=\"index, follow, max-snippet:-1, max-image-preview:large, max-video-preview:-1\" \/>\n<link rel=\"canonical\" href=\"https:\/\/geekygambler.com\/sv\/onlinekasinon\/\" \/>\n<meta property=\"og:locale\" content=\"sv_SE\" \/>\n<meta property=\"og:type\" content=\"article\" \/>\n<meta property=\"og:title\" content=\"Onlinekasinon 2024 \u2013 B\u00e4sta Casinon och Bonusar\" \/>\n<meta property=\"og:description\" content=\"Uppt\u00e4ck de b\u00e4sta onlinekasinona 2024! J\u00e4mf\u00f6r nya casinon, bonusar och free spins f\u00f6r att spela s\u00e4kert och vinna stort.\" \/>\n<meta property=\"og:url\" content=\"https:\/\/geekygambler.com\/sv\/onlinekasinon\/\" \/>\n<meta property=\"og:site_name\" content=\"Geeky Gambler Svenska\" \/>\n<meta property=\"article:modified_time\" content=\"2024-09-05T06:54:21+00:00\" \/>\n<meta name=\"twitter:card\" content=\"summary_large_image\" \/>\n<meta name=\"twitter:label1\" content=\"Ber\u00e4knad l\u00e4stid\" \/>\n\t<meta name=\"twitter:data1\" content=\"5 minuter\" \/>\n<script type=\"application\/ld+json\" class=\"yoast-schema-graph\">{\"@context\":\"https:\\\/\\\/schema.org\",\"@graph\":[{\"@type\":\"WebPage\",\"@id\":\"https:\\\/\\\/geekygambler.com\\\/sv\\\/onlinekasinon\\\/\",\"url\":\"https:\\\/\\\/geekygambler.com\\\/sv\\\/onlinekasinon\\\/\",\"name\":\"Onlinekasinon 2024 \u2013 B\u00e4sta Casinon och Bonusar\",\"isPartOf\":{\"@id\":\"https:\\\/\\\/geekygambler.com\\\/sv\\\/#website\"},\"datePublished\":\"2024-08-28T11:58:55+00:00\",\"dateModified\":\"2024-09-05T06:54:21+00:00\",\"description\":\"Uppt\u00e4ck de b\u00e4sta onlinekasinona 2024! J\u00e4mf\u00f6r nya casinon, bonusar och free spins f\u00f6r att spela s\u00e4kert och vinna stort.\",\"breadcrumb\":{\"@id\":\"https:\\\/\\\/geekygambler.com\\\/sv\\\/onlinekasinon\\\/#breadcrumb\"},\"inLanguage\":\"sv-SE\",\"potentialAction\":[{\"@type\":\"ReadAction\",\"target\":[\"https:\\\/\\\/geekygambler.com\\\/sv\\\/onlinekasinon\\\/\"]}]},{\"@type\":\"BreadcrumbList\",\"@id\":\"https:\\\/\\\/geekygambler.com\\\/sv\\\/onlinekasinon\\\/#breadcrumb\",\"itemListElement\":[{\"@type\":\"ListItem\",\"position\":1,\"name\":\"Home\",\"item\":\"https:\\\/\\\/geekygambler.com\\\/sv\\\/\"},{\"@type\":\"ListItem\",\"position\":2,\"name\":\"Onlinekasinon\"}]},{\"@type\":\"WebSite\",\"@id\":\"https:\\\/\\\/geekygambler.com\\\/sv\\\/#website\",\"url\":\"https:\\\/\\\/geekygambler.com\\\/sv\\\/\",\"name\":\"Geeky Gambler Svenska\",\"description\":\"\",\"potentialAction\":[{\"@type\":\"SearchAction\",\"target\":{\"@type\":\"EntryPoint\",\"urlTemplate\":\"https:\\\/\\\/geekygambler.com\\\/sv\\\/?s={search_term_string}\"},\"query-input\":{\"@type\":\"PropertyValueSpecification\",\"valueRequired\":true,\"valueName\":\"search_term_string\"}}],\"inLanguage\":\"sv-SE\"}]}<\/script>\n<!-- \/ Yoast SEO plugin. -->","yoast_head_json":{"title":"Onlinekasinon 2024 \u2013 B\u00e4sta Casinon och Bonusar","description":"Uppt\u00e4ck de b\u00e4sta onlinekasinona 2024! J\u00e4mf\u00f6r nya casinon, bonusar och free spins f\u00f6r att spela s\u00e4kert och vinna stort.","robots":{"index":"index","follow":"follow","max-snippet":"max-snippet:-1","max-image-preview":"max-image-preview:large","max-video-preview":"max-video-preview:-1"},"canonical":"https:\/\/geekygambler.com\/sv\/onlinekasinon\/","og_locale":"sv_SE","og_type":"article","og_title":"Onlinekasinon 2024 \u2013 B\u00e4sta Casinon och Bonusar","og_description":"Uppt\u00e4ck de b\u00e4sta onlinekasinona 2024! J\u00e4mf\u00f6r nya casinon, bonusar och free spins f\u00f6r att spela s\u00e4kert och vinna stort.","og_url":"https:\/\/geekygambler.com\/sv\/onlinekasinon\/","og_site_name":"Geeky Gambler Svenska","article_modified_time":"2024-09-05T06:54:21+00:00","twitter_card":"summary_large_image","twitter_misc":{"Ber\u00e4knad l\u00e4stid":"5 minuter"},"schema":{"@context":"https:\/\/schema.org","@graph":[{"@type":"WebPage","@id":"https:\/\/geekygambler.com\/sv\/onlinekasinon\/","url":"https:\/\/geekygambler.com\/sv\/onlinekasinon\/","name":"Onlinekasinon 2024 \u2013 B\u00e4sta Casinon och Bonusar","isPartOf":{"@id":"https:\/\/geekygambler.com\/sv\/#website"},"datePublished":"2024-08-28T11:58:55+00:00","dateModified":"2024-09-05T06:54:21+00:00","description":"Uppt\u00e4ck de b\u00e4sta onlinekasinona 2024! J\u00e4mf\u00f6r nya casinon, bonusar och free spins f\u00f6r att spela s\u00e4kert och vinna stort.","breadcrumb":{"@id":"https:\/\/geekygambler.com\/sv\/onlinekasinon\/#breadcrumb"},"inLanguage":"sv-SE","potentialAction":[{"@type":"ReadAction","target":["https:\/\/geekygambler.com\/sv\/onlinekasinon\/"]}]},{"@type":"BreadcrumbList","@id":"https:\/\/geekygambler.com\/sv\/onlinekasinon\/#breadcrumb","itemListElement":[{"@type":"ListItem","position":1,"name":"Home","item":"https:\/\/geekygambler.com\/sv\/"},{"@type":"ListItem","position":2,"name":"Onlinekasinon"}]},{"@type":"WebSite","@id":"https:\/\/geekygambler.com\/sv\/#website","url":"https:\/\/geekygambler.com\/sv\/","name":"Geeky Gambler Svenska","description":"","potentialAction":[{"@type":"SearchAction","target":{"@type":"EntryPoint","urlTemplate":"https:\/\/geekygambler.com\/sv\/?s={search_term_string}"},"query-input":{"@type":"PropertyValueSpecification","valueRequired":true,"valueName":"search_term_string"}}],"inLanguage":"sv-SE"}]}},"_links":{"self":[{"href":"https:\/\/geekygambler.com\/sv\/wp-json\/wp\/v2\/pages\/25","targetHints":{"allow":["GET"]}}],"collection":[{"href":"https:\/\/geekygambler.com\/sv\/wp-json\/wp\/v2\/pages"}],"about":[{"href":"https:\/\/geekygambler.com\/sv\/wp-json\/wp\/v2\/types\/page"}],"author":[{"embeddable":true,"href":"https:\/\/geekygambler.com\/sv\/wp-json\/wp\/v2\/users\/1"}],"replies":[{"embeddable":true,"href":"https:\/\/geekygambler.com\/sv\/wp-json\/wp\/v2\/comments?post=25"}],"version-history":[{"count":2,"href":"https:\/\/geekygambler.com\/sv\/wp-json\/wp\/v2\/pages\/25\/revisions"}],"predecessor-version":[{"id":84,"href":"https:\/\/geekygambler.com\/sv\/wp-json\/wp\/v2\/pages\/25\/revisions\/84"}],"wp:attachment":[{"href":"https:\/\/geekygambler.com\/sv\/wp-json\/wp\/v2\/media?parent=25"}],"curies":[{"name":"wp","href":"https:\/\/api.w.org\/{rel}","templated":true}]}}